{"id":1234,"date":"2026-01-19T08:56:19","date_gmt":"2026-01-19T08:56:19","guid":{"rendered":"https:\/\/rupes-marine.com\/partnerships\/"},"modified":"2026-01-30T09:19:05","modified_gmt":"2026-01-30T09:19:05","slug":"partnerships","status":"publish","type":"page","link":"https:\/\/rupes-marine.com\/it\/partnerships\/","title":{"rendered":"Partnerships"},"content":{"rendered":"\t\t<div data-elementor-type=\"wp-page\" data-elementor-id=\"1234\" class=\"elementor elementor-1234 elementor-1150\">\n\t\t\t\t<div class=\"elementor-element elementor-element-e0a2a43 e-flex e-con-boxed e-con e-parent\" data-id=\"e0a2a43\" data-element_type=\"container\" data-e-type=\"container\" data-settings=\"{&quot;background_background&quot;:&quot;classic&quot;}\">\n\t\t\t\t\t<div class=\"e-con-inner\">\n\t\t\t\t\t<\/div>\n\t\t\t\t<\/div>\n\t\t<div class=\"elementor-element elementor-element-27c65440 e-flex e-con-boxed e-con e-parent\" data-id=\"27c65440\" data-element_type=\"container\" data-e-type=\"container\" data-settings=\"{&quot;background_background&quot;:&quot;classic&quot;}\">\n\t\t\t\t\t<div class=\"e-con-inner\">\n\t\t\t\t<div class=\"elementor-element elementor-element-2873e59e elementor-widget elementor-widget-heading\" data-id=\"2873e59e\" data-element_type=\"widget\" data-e-type=\"widget\" data-widget_type=\"heading.default\">\n\t\t\t\t<div class=\"elementor-widget-container\">\n\t\t\t\t\t<h1 class=\"elementor-heading-title elementor-size-default\">PARTNERSHIPS<\/h1>\t\t\t\t<\/div>\n\t\t\t\t<\/div>\n\t\t\t\t\t<\/div>\n\t\t\t\t<\/div>\n\t\t<div class=\"elementor-element elementor-element-3be51a01 e-flex e-con-boxed e-con e-parent\" data-id=\"3be51a01\" data-element_type=\"container\" data-e-type=\"container\">\n\t\t\t\t\t<div class=\"e-con-inner\">\n\t\t\t\t<div class=\"elementor-element elementor-element-15fbf0e elementor-widget elementor-widget-image\" data-id=\"15fbf0e\" data-element_type=\"widget\" data-e-type=\"widget\" data-widget_type=\"image.default\">\n\t\t\t\t<div class=\"elementor-widget-container\">\n\t\t\t\t\t\t\t\t\t\t\t\t\t\t\t<img decoding=\"async\" width=\"300\" height=\"104\" src=\"https:\/\/rupes-marine.com\/wp-content\/uploads\/2026\/01\/ALXS_logo_01-300x104.png\" class=\"attachment-medium size-medium wp-image-1158\" alt=\"\" srcset=\"https:\/\/rupes-marine.com\/wp-content\/uploads\/2026\/01\/ALXS_logo_01-300x104.png 300w, https:\/\/rupes-marine.com\/wp-content\/uploads\/2026\/01\/ALXS_logo_01.png 612w\" sizes=\"(max-width: 300px) 100vw, 300px\" \/>\t\t\t\t\t\t\t\t\t\t\t\t\t\t\t<\/div>\n\t\t\t\t<\/div>\n\t\t\t\t<div class=\"elementor-element elementor-element-89d8778 elementor-widget elementor-widget-heading\" data-id=\"89d8778\" data-element_type=\"widget\" data-e-type=\"widget\" data-widget_type=\"heading.default\">\n\t\t\t\t<div class=\"elementor-widget-container\">\n\t\t\t\t\t<h2 class=\"elementor-heading-title elementor-size-default\">RUPES SpA E ALEXSEAL YACHT COATINGS ANNUNCIANO UNA COOPERAZIONE PER STANDARDIZZARE LE PROCEDURE DI FINITURA NEL SETTORE MARINO<\/h2>\t\t\t\t<\/div>\n\t\t\t\t<\/div>\n\t\t\t\t\t<\/div>\n\t\t\t\t<\/div>\n\t\t<div class=\"elementor-element elementor-element-8b1745b e-flex e-con-boxed e-con e-parent\" data-id=\"8b1745b\" data-element_type=\"container\" data-e-type=\"container\">\n\t\t\t\t\t<div class=\"e-con-inner\">\n\t\t<div class=\"elementor-element elementor-element-5b7d31e e-con-full e-flex e-con e-child\" data-id=\"5b7d31e\" data-element_type=\"container\" data-e-type=\"container\">\n\t\t\t\t<div class=\"elementor-element elementor-element-77795da elementor-widget elementor-widget-image\" data-id=\"77795da\" data-element_type=\"widget\" data-e-type=\"widget\" data-widget_type=\"image.default\">\n\t\t\t\t<div class=\"elementor-widget-container\">\n\t\t\t\t\t\t\t\t\t\t\t\t\t\t\t<img fetchpriority=\"high\" decoding=\"async\" width=\"558\" height=\"789\" src=\"https:\/\/rupes-marine.com\/wp-content\/uploads\/2026\/01\/Screenshot-2026-01-30-101537.png\" class=\"attachment-large size-large wp-image-1410\" alt=\"\" srcset=\"https:\/\/rupes-marine.com\/wp-content\/uploads\/2026\/01\/Screenshot-2026-01-30-101537.png 558w, https:\/\/rupes-marine.com\/wp-content\/uploads\/2026\/01\/Screenshot-2026-01-30-101537-212x300.png 212w\" sizes=\"(max-width: 558px) 100vw, 558px\" \/>\t\t\t\t\t\t\t\t\t\t\t\t\t\t\t<\/div>\n\t\t\t\t<\/div>\n\t\t\t\t<\/div>\n\t\t<div class=\"elementor-element elementor-element-40e3812 e-con-full e-flex e-con e-child\" data-id=\"40e3812\" data-element_type=\"container\" data-e-type=\"container\">\n\t\t\t\t<div class=\"elementor-element elementor-element-11470de elementor-widget elementor-widget-button\" data-id=\"11470de\" data-element_type=\"widget\" data-e-type=\"widget\" data-widget_type=\"button.default\">\n\t\t\t\t<div class=\"elementor-widget-container\">\n\t\t\t\t\t\t\t\t\t<div class=\"elementor-button-wrapper\">\n\t\t\t\t\t<a class=\"elementor-button elementor-button-link elementor-size-sm\" href=\"https:\/\/rupes-marine.com\/wp-content\/uploads\/2026\/01\/Poster_ALEXSEAL_A0_Verticale.pdf\">\n\t\t\t\t\t\t<span class=\"elementor-button-content-wrapper\">\n\t\t\t\t\t\t\t\t\t<span class=\"elementor-button-text\">Download Poster - A0 Verticale<\/span>\n\t\t\t\t\t<\/span>\n\t\t\t\t\t<\/a>\n\t\t\t\t<\/div>\n\t\t\t\t\t\t\t\t<\/div>\n\t\t\t\t<\/div>\n\t\t\t\t<div class=\"elementor-element elementor-element-a70ff57 elementor-widget elementor-widget-button\" data-id=\"a70ff57\" data-element_type=\"widget\" data-e-type=\"widget\" data-widget_type=\"button.default\">\n\t\t\t\t<div class=\"elementor-widget-container\">\n\t\t\t\t\t\t\t\t\t<div class=\"elementor-button-wrapper\">\n\t\t\t\t\t<a class=\"elementor-button elementor-button-link elementor-size-sm\" href=\"https:\/\/rupes-marine.com\/wp-content\/uploads\/2026\/01\/POSTER_ALEXSEAL_A4.pdf\">\n\t\t\t\t\t\t<span class=\"elementor-button-content-wrapper\">\n\t\t\t\t\t\t\t\t\t<span class=\"elementor-button-text\">Download Poster - A4 Orizzontale<\/span>\n\t\t\t\t\t<\/span>\n\t\t\t\t\t<\/a>\n\t\t\t\t<\/div>\n\t\t\t\t\t\t\t\t<\/div>\n\t\t\t\t<\/div>\n\t\t\t\t<\/div>\n\t\t\t\t\t<\/div>\n\t\t\t\t<\/div>\n\t\t<div class=\"elementor-element elementor-element-3a7d975 e-flex e-con-boxed e-con e-parent\" data-id=\"3a7d975\" data-element_type=\"container\" data-e-type=\"container\">\n\t\t\t\t\t<div class=\"e-con-inner\">\n\t\t<div class=\"elementor-element elementor-element-6ec53a3 e-con-full e-flex e-con e-child\" data-id=\"6ec53a3\" data-element_type=\"container\" data-e-type=\"container\">\n\t\t\t\t<div class=\"elementor-element elementor-element-a764d22 elementor-widget elementor-widget-text-editor\" data-id=\"a764d22\" data-element_type=\"widget\" data-e-type=\"widget\" data-widget_type=\"text-editor.default\">\n\t\t\t\t<div class=\"elementor-widget-container\">\n\t\t\t\t\t\t\t\t\t<p>RUPES SpA e ALEXSEAL Yacht Coatings annunciano una cooperazione per una procedura condivisa e standardizzata per le operazioni professionali di finitura su superfici verniciate. Questa cooperazione \u00e8 stata creata per portare maggiore controllo di processo e ripetibilit\u00e0 a una fase critica della costruzione e del refitting di yacht\u2014dove il risultato visivo finale dipende non solo dalla qualit\u00e0 del rivestimento, ma anche dalla precisione nella rifinitura della superficie, nelle operazioni di carteggiatura e nelle fasi di lucidatura. Nella produzione, anche differenze minime nella sequenza dei passaggi, nella scelta degli abrasivi o nella scelta dei tamponi di lucidatura possono portare a variazioni visibili di lucentezza, nitidezza e uniformit\u00e0 su pannelli di grandi dimensioni; questa procedura \u00e8 pensata per ridurre tale variabilit\u00e0 definendo un processo chiaro e verificato per ottenere il risultato desiderato. Il protocollo fornisce un riferimento condiviso che pu\u00f2 essere adottato in cantieri navali, cantieri di refitting e team di lavoro, permettendo di ottenere gli stessi risultati anche quando le condizioni di lavoro, gli operatori o le tempistiche di produzione variano.   <\/p>\t\t\t\t\t\t\t\t<\/div>\n\t\t\t\t<\/div>\n\t\t\t\t<div class=\"elementor-element elementor-element-da1da90 elementor-widget elementor-widget-text-editor\" data-id=\"da1da90\" data-element_type=\"widget\" data-e-type=\"widget\" data-widget_type=\"text-editor.default\">\n\t\t\t\t<div class=\"elementor-widget-container\">\n\t\t\t\t\t\t\t\t\t<p>Al centro di questa cooperazione c\u2019\u00e8 un ciclo di \u201cProcedure Standard di Finitura\u201d definito congiuntamente, sviluppato per tradurre il know-how delle migliori pratiche di finitura in un metodo strutturato. Il protocollo \u00e8 pensato come uno standard operativo pratico: chiarisce l\u2019ordine dei passaggi, definisce lo scopo e il risultato atteso di ogni fase affinch\u00e9 i risultati siano misurabili e ripetibili. Invece di lasciare decisioni alle abitudini individuali o a prassi consolidate, fornisce una base condivisa su come affrontare la finitura su superfici verniciate. Inoltre, supporta la formazione professionale e la standardizzazione interna di cantiere offrendo a supervisori, team qualit\u00e0 e operatori un processo standard condiviso\u2014rendendo pi\u00f9 semplice formare nuovo personale, allineare i subappaltatori alle aspettative del cantiere, documentare le procedure e mantenere lo stesso livello di finitura.   <\/p>\t\t\t\t\t\t\t\t<\/div>\n\t\t\t\t<\/div>\n\t\t\t\t<\/div>\n\t\t<div class=\"elementor-element elementor-element-03f04e9 e-con-full e-flex e-con e-child\" data-id=\"03f04e9\" data-element_type=\"container\" data-e-type=\"container\">\n\t\t\t\t<div class=\"elementor-element elementor-element-49c4083 elementor-widget elementor-widget-image\" data-id=\"49c4083\" data-element_type=\"widget\" data-e-type=\"widget\" data-widget_type=\"image.default\">\n\t\t\t\t<div class=\"elementor-widget-container\">\n\t\t\t\t\t\t\t\t\t\t\t\t\t\t\t<img decoding=\"async\" width=\"800\" height=\"1000\" src=\"https:\/\/rupes-marine.com\/wp-content\/uploads\/2026\/01\/APPLICATIVA-819x1024.jpg\" class=\"attachment-large size-large wp-image-1162\" alt=\"\" srcset=\"https:\/\/rupes-marine.com\/wp-content\/uploads\/2026\/01\/APPLICATIVA-819x1024.jpg 819w, https:\/\/rupes-marine.com\/wp-content\/uploads\/2026\/01\/APPLICATIVA-240x300.jpg 240w, https:\/\/rupes-marine.com\/wp-content\/uploads\/2026\/01\/APPLICATIVA-768x960.jpg 768w, https:\/\/rupes-marine.com\/wp-content\/uploads\/2026\/01\/APPLICATIVA.jpg 1080w\" sizes=\"(max-width: 800px) 100vw, 800px\" \/>\t\t\t\t\t\t\t\t\t\t\t\t\t\t\t<\/div>\n\t\t\t\t<\/div>\n\t\t\t\t<\/div>\n\t\t\t\t\t<\/div>\n\t\t\t\t<\/div>\n\t\t<div class=\"elementor-element elementor-element-84d1024 e-flex e-con-boxed e-con e-parent\" data-id=\"84d1024\" data-element_type=\"container\" data-e-type=\"container\">\n\t\t\t\t\t<div class=\"e-con-inner\">\n\t\t<div class=\"elementor-element elementor-element-3f88b80 e-con-full elementor-hidden-mobile e-flex e-con e-child\" data-id=\"3f88b80\" data-element_type=\"container\" data-e-type=\"container\">\n\t\t\t\t<div class=\"elementor-element elementor-element-aafc66b elementor-widget elementor-widget-image\" data-id=\"aafc66b\" data-element_type=\"widget\" data-e-type=\"widget\" data-widget_type=\"image.default\">\n\t\t\t\t<div class=\"elementor-widget-container\">\n\t\t\t\t\t\t\t\t\t\t\t\t\t\t\t<img loading=\"lazy\" decoding=\"async\" width=\"732\" height=\"1024\" src=\"https:\/\/rupes-marine.com\/wp-content\/uploads\/2026\/01\/WETFINISH-732x1024.jpg\" class=\"attachment-large size-large wp-image-1160\" alt=\"\" srcset=\"https:\/\/rupes-marine.com\/wp-content\/uploads\/2026\/01\/WETFINISH-732x1024.jpg 732w, https:\/\/rupes-marine.com\/wp-content\/uploads\/2026\/01\/WETFINISH-214x300.jpg 214w, https:\/\/rupes-marine.com\/wp-content\/uploads\/2026\/01\/WETFINISH-768x1075.jpg 768w, https:\/\/rupes-marine.com\/wp-content\/uploads\/2026\/01\/WETFINISH-1098x1536.jpg 1098w, https:\/\/rupes-marine.com\/wp-content\/uploads\/2026\/01\/WETFINISH.jpg 1383w\" sizes=\"(max-width: 732px) 100vw, 732px\" \/>\t\t\t\t\t\t\t\t\t\t\t\t\t\t\t<\/div>\n\t\t\t\t<\/div>\n\t\t\t\t<\/div>\n\t\t<div class=\"elementor-element elementor-element-2e151ae e-con-full e-flex e-con e-child\" data-id=\"2e151ae\" data-element_type=\"container\" data-e-type=\"container\">\n\t\t\t\t<div class=\"elementor-element elementor-element-8bda4cc elementor-widget elementor-widget-text-editor\" data-id=\"8bda4cc\" data-element_type=\"widget\" data-e-type=\"widget\" data-widget_type=\"text-editor.default\">\n\t\t\t\t<div class=\"elementor-widget-container\">\n\t\t\t\t\t\t\t\t\t<p>Il protocollo \u00e8 presentato in due cicli raccomandati\u2014uno per la lucidatura rotorbitale (dual-action) e uno per la lucidatura rotativa\u2014cos\u00ec i professionisti possono selezionare l\u2019approccio che meglio corrisponde alle condizioni della superficie, ai requisiti di produzione e alle preferenze di finitura, rimanendo all\u2019interno della stessa metodologia standardizzata. \u00c8 importante sottolineare che entrambi i percorsi sono allineati alla medesima logica: rifinitura progressiva, rimozione controllata dei difetti e pulizia\/ispezione. <\/p>\t\t\t\t\t\t\t\t<\/div>\n\t\t\t\t<\/div>\n\t\t\t\t<div class=\"elementor-element elementor-element-a551587 elementor-widget elementor-widget-text-editor\" data-id=\"a551587\" data-element_type=\"widget\" data-e-type=\"widget\" data-widget_type=\"text-editor.default\">\n\t\t\t\t<div class=\"elementor-widget-container\">\n\t\t\t\t\t\t\t\t\t<p>La procedura copre l\u2019intero percorso di finitura, dalla levigatura della superficie fino all\u2019aspetto finale, ed \u00e8 strutturata per minimizzare la variabilit\u00e0 proteggendo al contempo l\u2019integrit\u00e0 del rivestimento. Inizia con una rimozione controllata della texture, con l\u2019obiettivo di eliminare le irregolarit\u00e0 superficiali e prosegue quindi attraverso una rimozione progressiva dei segni di carteggiatura.<\/p>\t\t\t\t\t\t\t\t<\/div>\n\t\t\t\t<\/div>\n\t\t\t\t<div class=\"elementor-element elementor-element-dac4c4c elementor-widget elementor-widget-text-editor\" data-id=\"dac4c4c\" data-element_type=\"widget\" data-e-type=\"widget\" data-widget_type=\"text-editor.default\">\n\t\t\t\t<div class=\"elementor-widget-container\">\n\t\t\t\t\t\t\t\t\t<p>Lo step successivo \u00e8 quello della lucidatura per rimuovere l\u2019opacit\u00e0 della carteggiatura, seguito da una fase di pulizia e ispezione per eliminare i residui e consente all\u2019operatore di verificare la reale condizione della superficie prima di procedere. La lucidatura dar\u00e0 quindi brillantezza e profondit\u00e0 del colore. Infine, \u00e8 inclusa una fase opzionale di ultra-finitura pensata per massimizzare la brillantezza e per supportare i pi\u00f9 alti standard tipicamente richiesti sulle superfici dei superyacht.  <\/p>\t\t\t\t\t\t\t\t<\/div>\n\t\t\t\t<\/div>\n\t\t\t\t<div class=\"elementor-element elementor-element-f02a164 elementor-widget elementor-widget-text-editor\" data-id=\"f02a164\" data-element_type=\"widget\" data-e-type=\"widget\" data-widget_type=\"text-editor.default\">\n\t\t\t\t<div class=\"elementor-widget-container\">\n\t\t\t\t\t\t\t\t\t<p>In tutte le fasi, le \u201cProcedure Standard di Finitura\u201d definiscono una rigorosa successione di passaggi, materiali e controlli di processo. Definendo abrasivi, tamponi, compound e tipologie di utensili in ciascuna fase, il protocollo aiuta a ridurre le variabili e a garantire una perfetta uniformit\u00e0 di risultati. <\/p>\t\t\t\t\t\t\t\t<\/div>\n\t\t\t\t<\/div>\n\t\t\t\t<\/div>\n\t\t\t\t\t<\/div>\n\t\t\t\t<\/div>\n\t\t\t\t<\/div>\n\t\t","protected":false},"excerpt":{"rendered":"<p>PARTNERSHIPS RUPES SpA E ALEXSEAL YACHT COATINGS ANNUNCIANO UNA COOPERAZIONE PER STANDARDIZZARE LE PROCEDURE DI FINITURA NEL SETTORE MARINO Download Poster &#8211; A0 Verticale Download Poster &#8211; A4 Orizzontale RUPES SpA e ALEXSEAL Yacht Coatings annunciano una cooperazione per una procedura condivisa e standardizzata per le operazioni professionali di finitura su superfici verniciate. Questa cooperazione [&hellip;]<\/p>\n","protected":false},"author":1,"featured_media":0,"parent":0,"menu_order":0,"comment_status":"closed","ping_status":"closed","template":"","meta":{"_eb_attr":"","footnotes":""},"class_list":["post-1234","page","type-page","status-publish","hentry"],"_links":{"self":[{"href":"https:\/\/rupes-marine.com\/it\/wp-json\/wp\/v2\/pages\/1234","targetHints":{"allow":["GET"]}}],"collection":[{"href":"https:\/\/rupes-marine.com\/it\/wp-json\/wp\/v2\/pages"}],"about":[{"href":"https:\/\/rupes-marine.com\/it\/wp-json\/wp\/v2\/types\/page"}],"author":[{"embeddable":true,"href":"https:\/\/rupes-marine.com\/it\/wp-json\/wp\/v2\/users\/1"}],"replies":[{"embeddable":true,"href":"https:\/\/rupes-marine.com\/it\/wp-json\/wp\/v2\/comments?post=1234"}],"version-history":[{"count":17,"href":"https:\/\/rupes-marine.com\/it\/wp-json\/wp\/v2\/pages\/1234\/revisions"}],"predecessor-version":[{"id":1416,"href":"https:\/\/rupes-marine.com\/it\/wp-json\/wp\/v2\/pages\/1234\/revisions\/1416"}],"wp:attachment":[{"href":"https:\/\/rupes-marine.com\/it\/wp-json\/wp\/v2\/media?parent=1234"}],"curies":[{"name":"wp","href":"https:\/\/api.w.org\/{rel}","templated":true}]}}