{"id":890,"date":"2025-01-30T07:18:41","date_gmt":"2025-01-30T07:18:41","guid":{"rendered":"https:\/\/rupes-marine.com\/azienda\/"},"modified":"2026-01-19T08:34:14","modified_gmt":"2026-01-19T08:34:14","slug":"azienda","status":"publish","type":"page","link":"https:\/\/rupes-marine.com\/it\/azienda\/","title":{"rendered":"Azienda"},"content":{"rendered":"\t\t<div data-elementor-type=\"wp-page\" data-elementor-id=\"890\" class=\"elementor elementor-890 elementor-120\">\n\t\t\t\t<div class=\"elementor-element elementor-element-2a00331 e-con-full e-flex e-con e-parent\" data-id=\"2a00331\" data-element_type=\"container\" data-e-type=\"container\">\n\t\t<div class=\"elementor-element elementor-element-4f0b9cf e-con-full e-flex e-con e-child\" data-id=\"4f0b9cf\" data-element_type=\"container\" data-e-type=\"container\">\n\t\t\t\t<div class=\"elementor-element elementor-element-59c7d61 elementor-widget elementor-widget-image\" data-id=\"59c7d61\" data-element_type=\"widget\" data-e-type=\"widget\" data-widget_type=\"image.default\">\n\t\t\t\t<div class=\"elementor-widget-container\">\n\t\t\t\t\t\t\t\t\t\t\t\t\t\t\t<img fetchpriority=\"high\" decoding=\"async\" width=\"600\" height=\"600\" src=\"https:\/\/rupes-marine.com\/wp-content\/uploads\/2025\/01\/sede_houston.jpg\" class=\"attachment-large size-large wp-image-670\" alt=\"\" srcset=\"https:\/\/rupes-marine.com\/wp-content\/uploads\/2025\/01\/sede_houston.jpg 600w, https:\/\/rupes-marine.com\/wp-content\/uploads\/2025\/01\/sede_houston-300x300.jpg 300w, https:\/\/rupes-marine.com\/wp-content\/uploads\/2025\/01\/sede_houston-150x150.jpg 150w\" sizes=\"(max-width: 600px) 100vw, 600px\" \/>\t\t\t\t\t\t\t\t\t\t\t\t\t\t\t<\/div>\n\t\t\t\t<\/div>\n\t\t\t\t<\/div>\n\t\t<div class=\"elementor-element elementor-element-bc0f2db e-con-full e-flex e-con e-child\" data-id=\"bc0f2db\" data-element_type=\"container\" data-e-type=\"container\">\n\t\t\t\t<div class=\"elementor-element elementor-element-4568d5b elementor-widget elementor-widget-image\" data-id=\"4568d5b\" data-element_type=\"widget\" data-e-type=\"widget\" data-widget_type=\"image.default\">\n\t\t\t\t<div class=\"elementor-widget-container\">\n\t\t\t\t\t\t\t\t\t\t\t\t\t\t\t<img decoding=\"async\" width=\"600\" height=\"600\" src=\"https:\/\/rupes-marine.com\/wp-content\/uploads\/2025\/01\/sede_vermezzo.jpg\" class=\"attachment-large size-large wp-image-678\" alt=\"\" srcset=\"https:\/\/rupes-marine.com\/wp-content\/uploads\/2025\/01\/sede_vermezzo.jpg 600w, https:\/\/rupes-marine.com\/wp-content\/uploads\/2025\/01\/sede_vermezzo-300x300.jpg 300w, https:\/\/rupes-marine.com\/wp-content\/uploads\/2025\/01\/sede_vermezzo-150x150.jpg 150w\" sizes=\"(max-width: 600px) 100vw, 600px\" \/>\t\t\t\t\t\t\t\t\t\t\t\t\t\t\t<\/div>\n\t\t\t\t<\/div>\n\t\t\t\t<\/div>\n\t\t<div class=\"elementor-element elementor-element-fd60741 e-con-full e-flex e-con e-child\" data-id=\"fd60741\" data-element_type=\"container\" data-e-type=\"container\">\n\t\t\t\t<div class=\"elementor-element elementor-element-2212d06 elementor-widget elementor-widget-image\" data-id=\"2212d06\" data-element_type=\"widget\" data-e-type=\"widget\" data-widget_type=\"image.default\">\n\t\t\t\t<div class=\"elementor-widget-container\">\n\t\t\t\t\t\t\t\t\t\t\t\t\t\t\t<img decoding=\"async\" width=\"600\" height=\"600\" src=\"https:\/\/rupes-marine.com\/wp-content\/uploads\/2025\/01\/sede_lousville.jpg\" class=\"attachment-large size-large wp-image-674\" alt=\"\" srcset=\"https:\/\/rupes-marine.com\/wp-content\/uploads\/2025\/01\/sede_lousville.jpg 600w, https:\/\/rupes-marine.com\/wp-content\/uploads\/2025\/01\/sede_lousville-300x300.jpg 300w, https:\/\/rupes-marine.com\/wp-content\/uploads\/2025\/01\/sede_lousville-150x150.jpg 150w\" sizes=\"(max-width: 600px) 100vw, 600px\" \/>\t\t\t\t\t\t\t\t\t\t\t\t\t\t\t<\/div>\n\t\t\t\t<\/div>\n\t\t\t\t<\/div>\n\t\t<div class=\"elementor-element elementor-element-492ab21 e-con-full e-flex e-con e-child\" data-id=\"492ab21\" data-element_type=\"container\" data-e-type=\"container\">\n\t\t\t\t<div class=\"elementor-element elementor-element-88b2c4c elementor-widget elementor-widget-heading\" data-id=\"88b2c4c\" data-element_type=\"widget\" data-e-type=\"widget\" data-widget_type=\"heading.default\">\n\t\t\t\t<div class=\"elementor-widget-container\">\n\t\t\t\t\t<div class=\"elementor-heading-title elementor-size-default\">Houston (TX), USA<\/div>\t\t\t\t<\/div>\n\t\t\t\t<\/div>\n\t\t\t\t<\/div>\n\t\t<div class=\"elementor-element elementor-element-00c9f36 e-con-full e-flex e-con e-child\" data-id=\"00c9f36\" data-element_type=\"container\" data-e-type=\"container\">\n\t\t\t\t<div class=\"elementor-element elementor-element-09d069d elementor-widget elementor-widget-heading\" data-id=\"09d069d\" data-element_type=\"widget\" data-e-type=\"widget\" data-widget_type=\"heading.default\">\n\t\t\t\t<div class=\"elementor-widget-container\">\n\t\t\t\t\t<div class=\"elementor-heading-title elementor-size-default\">Vermezzo, Italia<\/div>\t\t\t\t<\/div>\n\t\t\t\t<\/div>\n\t\t\t\t<\/div>\n\t\t<div class=\"elementor-element elementor-element-88bc1d8 e-con-full e-flex e-con e-child\" data-id=\"88bc1d8\" data-element_type=\"container\" data-e-type=\"container\">\n\t\t\t\t<div class=\"elementor-element elementor-element-b9955f8 elementor-widget elementor-widget-heading\" data-id=\"b9955f8\" data-element_type=\"widget\" data-e-type=\"widget\" data-widget_type=\"heading.default\">\n\t\t\t\t<div class=\"elementor-widget-container\">\n\t\t\t\t\t<div class=\"elementor-heading-title elementor-size-default\">Lousville (CO), USA<\/div>\t\t\t\t<\/div>\n\t\t\t\t<\/div>\n\t\t\t\t<\/div>\n\t\t\t\t<\/div>\n\t\t<div class=\"elementor-element elementor-element-d362adf e-flex e-con-boxed e-con e-parent\" data-id=\"d362adf\" data-element_type=\"container\" data-e-type=\"container\">\n\t\t\t\t\t<div class=\"e-con-inner\">\n\t\t\t\t<div class=\"elementor-element elementor-element-1433126 elementor-widget elementor-widget-heading\" data-id=\"1433126\" data-element_type=\"widget\" data-e-type=\"widget\" data-widget_type=\"heading.default\">\n\t\t\t\t<div class=\"elementor-widget-container\">\n\t\t\t\t\t<h1 class=\"elementor-heading-title elementor-size-default\">RUPES<\/h1>\t\t\t\t<\/div>\n\t\t\t\t<\/div>\n\t\t\t\t<div class=\"elementor-element elementor-element-c13dd59 elementor-widget elementor-widget-heading\" data-id=\"c13dd59\" data-element_type=\"widget\" data-e-type=\"widget\" data-widget_type=\"heading.default\">\n\t\t\t\t<div class=\"elementor-widget-container\">\n\t\t\t\t\t<h2 class=\"elementor-heading-title elementor-size-default\">INNOVATION, TECHNOLOGY AND DESIGN<\/h2>\t\t\t\t<\/div>\n\t\t\t\t<\/div>\n\t\t\t\t\t<\/div>\n\t\t\t\t<\/div>\n\t\t<div class=\"elementor-element elementor-element-6d86cdc e-flex e-con-boxed e-con e-parent\" data-id=\"6d86cdc\" data-element_type=\"container\" data-e-type=\"container\">\n\t\t\t\t\t<div class=\"e-con-inner\">\n\t\t\t\t<div class=\"elementor-element elementor-element-d66bfe4 elementor-widget elementor-widget-text-editor\" data-id=\"d66bfe4\" data-element_type=\"widget\" data-e-type=\"widget\" data-widget_type=\"text-editor.default\">\n\t\t\t\t<div class=\"elementor-widget-container\">\n\t\t\t\t\t\t\t\t\t<p>La nostra storia \u00e8 fatta di traguardi, sfide, idee e successi internazionali. L&#8217;impegno costante nella ricerca e nello sviluppo, finalizzato al miglioramento continuo delle prestazioni di ogni prodotto, \u00e8 uno degli aspetti fondamentali che nei nostri 75 anni di storia hanno contribuito ad affermare RUPES come uno dei principali marchi di successo nel settore degli utensili professionali.<\/p>\n<p>L&#8217;attenzione alla progettazione e alla realizzazione di prodotti che siano in totale conformit\u00e0 con le normative sulla salute e sulla sicurezza, che offrano un maggiore comfort al lavoratore e che forniscano soluzioni innovative sono alla base di ogni nuova idea.<\/p>\n<p>Con cinque stabilimenti produttivi in Italia, nei pressi di Milano, e due negli Stati Uniti, a Louisville (Colorado) e Houston (Texas), RUPES \u00e8 sempre vicina ai propri clienti. Grazie a una rete di vendita ben strutturata, l&#8217;azienda \u00e8 in grado di fornire prodotti che anticipano e soddisfano rapidamente le esigenze del mercato. Il marchio ha una copertura completa di tutti i principali mercati internazionali, portando i suoi sistemi in tutto il mondo grazie a una rete di distribuzione composta da due filiali dirette e numerosi rivenditori autorizzati.<\/p>\n\t\t\t\t\t\t\t\t<\/div>\n\t\t\t\t<\/div>\n\t\t\t\t\t<\/div>\n\t\t\t\t<\/div>\n\t\t<div class=\"elementor-element elementor-element-09c2970 e-flex e-con-boxed e-con e-parent\" data-id=\"09c2970\" data-element_type=\"container\" data-e-type=\"container\">\n\t\t\t\t\t<div class=\"e-con-inner\">\n\t\t\t\t<div class=\"elementor-element elementor-element-eab95d0 elementor-widget elementor-widget-heading\" data-id=\"eab95d0\" data-element_type=\"widget\" data-e-type=\"widget\" data-widget_type=\"heading.default\">\n\t\t\t\t<div class=\"elementor-widget-container\">\n\t\t\t\t\t<h2 class=\"elementor-heading-title elementor-size-default\">MISSIONE E VISIONE<\/h2>\t\t\t\t<\/div>\n\t\t\t\t<\/div>\n\t\t\t\t\t<\/div>\n\t\t\t\t<\/div>\n\t\t<div class=\"elementor-element elementor-element-b93a70d e-flex e-con-boxed e-con e-parent\" data-id=\"b93a70d\" data-element_type=\"container\" data-e-type=\"container\">\n\t\t\t\t\t<div class=\"e-con-inner\">\n\t\t\t\t<div class=\"elementor-element elementor-element-3e23df6 elementor-widget elementor-widget-text-editor\" data-id=\"3e23df6\" data-element_type=\"widget\" data-e-type=\"widget\" data-widget_type=\"text-editor.default\">\n\t\t\t\t<div class=\"elementor-widget-container\">\n\t\t\t\t\t\t\t\t\t<p>Progetta, produce e distribuisce soluzioni innovative e affidabili nel mercato degli utensili professionali, con particolare attenzione agli utensili elettrici, pneumatici, a bassa tensione, ai sistemi di aspirazione, agli accessori e ai materiali di consumo per migliorare la qualit\u00e0 della vita e del lavoro.<\/p>\n<p>Ricercare e creare soluzioni per semplificare il lavoro e aumentare le prestazioni, migliorando la produttivit\u00e0 e il comfort dei lavoratori e aumentando la sicurezza. Progettiamo strumenti che cambiano il modo di lavorare delle persone, aiutando i professionisti a lavorare meglio, pi\u00f9 velocemente e in modo pi\u00f9 efficace.<\/p>\n<p>Migliorare la qualit\u00e0 del lavoro e semplificare le attivit\u00e0 attraverso la creativit\u00e0 e l&#8217;innovazione \u00e8 la nostra abilit\u00e0 principale. Sappiamo che la soddisfazione di un lavoro ben fatto \u00e8 qualcosa di impagabile. Lavoriamo sodo per permetterti di lavorare meglio. La passione per ci\u00f2 che facciamo, la ricerca continua di tecnologie all&#8217;avanguardia e l&#8217;impegno verso le esigenze dei nostri clienti sono le ispirazioni che ci indicano la strada verso il futuro.<\/p>\n\t\t\t\t\t\t\t\t<\/div>\n\t\t\t\t<\/div>\n\t\t\t\t\t<\/div>\n\t\t\t\t<\/div>\n\t\t<div class=\"elementor-element elementor-element-bc1c40c e-con-full e-flex e-con e-parent\" data-id=\"bc1c40c\" data-element_type=\"container\" data-e-type=\"container\" data-settings=\"{&quot;background_background&quot;:&quot;classic&quot;}\">\n\t\t\t\t<\/div>\n\t\t<div class=\"elementor-element elementor-element-9f0d76e e-flex e-con-boxed e-con e-parent\" data-id=\"9f0d76e\" data-element_type=\"container\" data-e-type=\"container\">\n\t\t\t\t\t<div class=\"e-con-inner\">\n\t\t<div class=\"elementor-element elementor-element-fca5957 e-con-full e-flex e-con e-child\" data-id=\"fca5957\" data-element_type=\"container\" data-e-type=\"container\">\n\t\t\t\t<div class=\"elementor-element elementor-element-35231fa elementor-widget elementor-widget-heading\" data-id=\"35231fa\" data-element_type=\"widget\" data-e-type=\"widget\" data-widget_type=\"heading.default\">\n\t\t\t\t<div class=\"elementor-widget-container\">\n\t\t\t\t\t<h1 class=\"elementor-heading-title elementor-size-default\">PRODUZIONE RUPES<\/h1>\t\t\t\t<\/div>\n\t\t\t\t<\/div>\n\t\t\t\t<div class=\"elementor-element elementor-element-504e993 elementor-widget elementor-widget-heading\" data-id=\"504e993\" data-element_type=\"widget\" data-e-type=\"widget\" data-widget_type=\"heading.default\">\n\t\t\t\t<div class=\"elementor-widget-container\">\n\t\t\t\t\t<h2 class=\"elementor-heading-title elementor-size-default\">UTENSILI, CONSUMABILI e ACCESSORI<\/h2>\t\t\t\t<\/div>\n\t\t\t\t<\/div>\n\t\t\t\t<\/div>\n\t\t\t\t\t<\/div>\n\t\t\t\t<\/div>\n\t\t<div class=\"elementor-element elementor-element-de20c34 e-flex e-con-boxed e-con e-parent\" data-id=\"de20c34\" data-element_type=\"container\" data-e-type=\"container\">\n\t\t\t\t\t<div class=\"e-con-inner\">\n\t\t<div class=\"elementor-element elementor-element-15d26ce e-con-full e-flex e-con e-child\" data-id=\"15d26ce\" data-element_type=\"container\" data-e-type=\"container\">\n\t\t\t\t<div class=\"elementor-element elementor-element-c159f30 elementor-widget elementor-widget-text-editor\" data-id=\"c159f30\" data-element_type=\"widget\" data-e-type=\"widget\" data-widget_type=\"text-editor.default\">\n\t\t\t\t<div class=\"elementor-widget-container\">\n\t\t\t\t\t\t\t\t\t<p>RUPES \u00e8 leader globale nella produzione di utensili, accessori e materiali di consumo ad alte prestazioni, stabilendo nuovi standard di innovazione e qualit\u00e0 nel settore. Siamo una delle poche aziende a produrre internamente ogni componente dei nostri sistemi di lucidatura, come lucidatrici, paste abrasivi e tamponi. Questo controllo totale sul processo produttivo garantisce una qualit\u00e0 superiore, una perfetta compatibilit\u00e0 e prestazioni costanti su tutti i nostri prodotti.<\/p>\n<p>La nostra eccellenza manifatturiera si estende anche ai sistemi di estrazione delle polveri e alle soluzioni di levigatura, progettati con precisione per soddisfare i pi\u00f9 alti standard di efficienza, durata e sicurezza. <\/p>\n\t\t\t\t\t\t\t\t<\/div>\n\t\t\t\t<\/div>\n\t\t\t\t<\/div>\n\t\t\t\t\t<\/div>\n\t\t\t\t<\/div>\n\t\t<div class=\"elementor-element elementor-element-1b8f7d2 e-con-full e-flex e-con e-parent\" data-id=\"1b8f7d2\" data-element_type=\"container\" data-e-type=\"container\">\n\t\t<div class=\"elementor-element elementor-element-d36b03e e-con-full e-flex e-con e-child\" data-id=\"d36b03e\" data-element_type=\"container\" data-e-type=\"container\" data-settings=\"{&quot;background_background&quot;:&quot;classic&quot;}\">\n\t\t\t\t<\/div>\n\t\t<div class=\"elementor-element elementor-element-00ac0a6 e-con-full e-flex e-con e-child\" data-id=\"00ac0a6\" data-element_type=\"container\" data-e-type=\"container\" data-settings=\"{&quot;background_background&quot;:&quot;classic&quot;}\">\n\t\t\t\t<\/div>\n\t\t<div class=\"elementor-element elementor-element-77fb494 e-con-full e-flex e-con e-child\" data-id=\"77fb494\" data-element_type=\"container\" data-e-type=\"container\" data-settings=\"{&quot;background_background&quot;:&quot;classic&quot;}\">\n\t\t\t\t<\/div>\n\t\t\t\t<\/div>\n\t\t<div class=\"elementor-element elementor-element-6838739 e-flex e-con-boxed e-con e-parent\" data-id=\"6838739\" data-element_type=\"container\" data-e-type=\"container\">\n\t\t\t\t\t<div class=\"e-con-inner\">\n\t\t<div class=\"elementor-element elementor-element-38469e9 e-con-full e-flex e-con e-child\" data-id=\"38469e9\" data-element_type=\"container\" data-e-type=\"container\">\n\t\t\t\t<div class=\"elementor-element elementor-element-e539ad5 elementor-widget elementor-widget-text-editor\" data-id=\"e539ad5\" data-element_type=\"widget\" data-e-type=\"widget\" data-widget_type=\"text-editor.default\">\n\t\t\t\t<div class=\"elementor-widget-container\">\n\t\t\t\t\t\t\t\t\t<p>RUPES gestisce cinque stabilimenti specializzati in Italia. Ogni stabilimento \u00e8 dedicato a una specifica categoria di prodotti per ottimizzare la qualit\u00e0 e l&#8217;efficienza produttiva: utensili elettrici, utensili pneumatici e motori brushless, platorelli e motori elettrici, sistemi di aspirazione delle polveri, materiali di consumo per la lucidatura. Questo approccio specializzato ci consente di mantenere un rigoroso controllo qualit\u00e0 e di favorire l\u2019innovazione continua su tutte le linee di prodotti.<\/p>\n<p>Negli Stati Uniti, disponiamo di due importanti impianti produttivi. Il nostro principale sito americano ospita la produzione di utensili ed \u00e8 la sede centrale per le operazioni e la distribuzione in Nord America. Inoltre, abbiamo uno stabilimento dedicato alla produzione di materiali di consumo per la lucidatura, garantendo un approvvigionamento rapido e affidabile per soddisfare le esigenze del mercato nordamericano.<\/p>\n<p>Questa infrastruttura produttiva globale consente a RUPES di offrire prodotti leader nel settore, caratterizzati da qualit\u00e0, affidabilit\u00e0 e prestazioni senza eguali, rendendoci una scelta di fiducia per i professionisti di tutto il mondo.<\/p>\n\t\t\t\t\t\t\t\t<\/div>\n\t\t\t\t<\/div>\n\t\t\t\t<\/div>\n\t\t\t\t\t<\/div>\n\t\t\t\t<\/div>\n\t\t\t\t<\/div>\n\t\t","protected":false},"excerpt":{"rendered":"<p>Houston (TX), USA Vermezzo, Italia Lousville (CO), USA RUPES INNOVATION, TECHNOLOGY AND DESIGN La nostra storia \u00e8 fatta di traguardi, sfide, idee e successi internazionali. L&#8217;impegno costante nella ricerca e nello sviluppo, finalizzato al miglioramento continuo delle prestazioni di ogni prodotto, \u00e8 uno degli aspetti fondamentali che nei nostri 75 anni di storia hanno contribuito [&hellip;]<\/p>\n","protected":false},"author":1,"featured_media":0,"parent":0,"menu_order":0,"comment_status":"closed","ping_status":"closed","template":"","meta":{"_eb_attr":"","footnotes":""},"class_list":["post-890","page","type-page","status-publish","hentry"],"_links":{"self":[{"href":"https:\/\/rupes-marine.com\/it\/wp-json\/wp\/v2\/pages\/890","targetHints":{"allow":["GET"]}}],"collection":[{"href":"https:\/\/rupes-marine.com\/it\/wp-json\/wp\/v2\/pages"}],"about":[{"href":"https:\/\/rupes-marine.com\/it\/wp-json\/wp\/v2\/types\/page"}],"author":[{"embeddable":true,"href":"https:\/\/rupes-marine.com\/it\/wp-json\/wp\/v2\/users\/1"}],"replies":[{"embeddable":true,"href":"https:\/\/rupes-marine.com\/it\/wp-json\/wp\/v2\/comments?post=890"}],"version-history":[{"count":8,"href":"https:\/\/rupes-marine.com\/it\/wp-json\/wp\/v2\/pages\/890\/revisions"}],"predecessor-version":[{"id":1145,"href":"https:\/\/rupes-marine.com\/it\/wp-json\/wp\/v2\/pages\/890\/revisions\/1145"}],"wp:attachment":[{"href":"https:\/\/rupes-marine.com\/it\/wp-json\/wp\/v2\/media?parent=890"}],"curies":[{"name":"wp","href":"https:\/\/api.w.org\/{rel}","templated":true}]}}